{"id":6,"date":"2021-07-19T14:53:59","date_gmt":"2021-07-19T14:53:59","guid":{"rendered":"https:\/\/mpproduction.fr\/?page_id=6"},"modified":"2025-11-28T22:53:47","modified_gmt":"2025-11-28T22:53:47","slug":"le-nouveau-e-mucem-ouvre-ses-portes-2","status":"publish","type":"page","link":"https:\/\/mpproduction.fr\/","title":{"rendered":"MP Production"},"content":{"rendered":"\n<div class=\"wp-block-group alignwide\"><div class=\"wp-block-group__inner-container is-layout-flow wp-block-group-is-layout-flow\">\n<h2 class=\"wp-block-heading has-text-align-center\">Activit\u00e9<\/h2>\n<\/div><\/div>\n\n\n\n<div class=\"wp-block-columns alignwide is-layout-flex wp-container-core-columns-is-layout-9d6595d7 wp-block-columns-is-layout-flex\">\n<div class=\"wp-block-column is-layout-flow wp-block-column-is-layout-flow\">\n<div class=\"wp-block-group\"><div class=\"wp-block-group__inner-container is-layout-flow wp-block-group-is-layout-flow\">\n<h3 class=\"wp-block-heading\">Digital Marketing<\/h3>\n\n\n\n<p>L&rsquo;activit\u00e9 du Digital Marketing est passionnante. Notre vision est que cela permet de bien mettre en avant des soci\u00e9t\u00e9s qui innovent et proposent des projets auxquels nous m\u00eames nous croyons.<\/p>\n\n\n\n<p>Quand nous accompagnons une soci\u00e9t\u00e9 pour son Digital Marketing nous sommes \u00e0 100% avec elle pour qu&rsquo;elle obtienne les r\u00e9sultats qu&rsquo;elle attend.<\/p>\n\n\n\n<p>Nous agissons avec efficacit\u00e9 sur :<br>&#8211; Campagnes sur les r\u00e9seaux sociaux<br>&#8211; Campagnes de mailing<br>&#8211; Cr\u00e9ation de site Web <br>&#8211; Cr\u00e9ation de vid\u00e9o<br>&#8211; Cr\u00e9ation de contenu sur les r\u00e9seaux sociaux et pour les sites Web.<\/p>\n\n\n\n<p>Pour mieux pr\u00e9senter cette activit\u00e9 nous avons mis en place le site : Lesagentsduweb.fr<\/p>\n\n\n\n<div class=\"wp-block-button is-style-outline is-style-outline--1\"><a class=\"wp-block-button__link wp-element-button\" href=\"https:\/\/lesagentsduweb.fr\" style=\"border-radius:53px\" target=\"_blank\" rel=\"noreferrer noopener\">Visiter le site<\/a><\/div>\n<\/div><\/div>\n<\/div>\n\n\n\n<div class=\"wp-block-column is-layout-flow wp-block-column-is-layout-flow\">\n<div class=\"wp-block-group\"><div class=\"wp-block-group__inner-container is-layout-flow wp-block-group-is-layout-flow\">\n<h3 class=\"wp-block-heading\">Conseil &amp; D\u00e9veloppement<\/h3>\n\n\n\n<p>Nous intervenons aussi en tant que prestataire pour renforcer les \u00e9quipes de clients. Nous intervenons pour :<\/p>\n\n\n\n<ul class=\"wp-block-list\">\n<li>architecture des syst\u00e8mes d&rsquo;informations des entreprises<\/li>\n\n\n\n<li>administration bases de donn\u00e9es MS SQL Server<\/li>\n\n\n\n<li>d\u00e9veloppement .NET C#<\/li>\n\n\n\n<li>d\u00e9veloppement Java<\/li>\n\n\n\n<li>d\u00e9veloppement PHP<\/li>\n<\/ul>\n\n\n\n<h3 class=\"wp-block-heading\">Solution de transfert de fichiers<\/h3>\n\n\n\n<p>Nous avons d\u00e9velopp\u00e9 Transgo.io, un syst\u00e8me de transfert de fichiers 100% fran\u00e7ais. Notre solution s&rsquo;appuie sur une infrastructure bas\u00e9e en France, en Europe, vous garantissant ainsi la protection de vos donn\u00e9es en application du R.G.P.D.<\/p>\n\n\n\n<p>Transgo permet de transf\u00e9rer des fichiers trop gros pour \u00eatre envoy\u00e9s par mail.<\/p>\n\n\n\n<div class=\"wp-block-buttons is-content-justification-center is-layout-flex wp-container-core-buttons-is-layout-16018d1d wp-block-buttons-is-layout-flex\">\n<div class=\"wp-block-button is-style-outline is-style-outline--2\"><a class=\"wp-block-button__link has-primary-color has-text-color has-background wp-element-button\" href=\"https:\/\/transgo.io\" style=\"border-radius:51px;background-color:#00000000\">Visiter le site<\/a><\/div>\n<\/div>\n<\/div><\/div>\n<\/div>\n<\/div>\n\n\n\n<h2 class=\"wp-block-heading has-text-align-center\">A propos<\/h2>\n\n\n\n<p><br>MP Production (Melting Potes Production) est une S.A.R.L. fond\u00e9e en 2011 dont le si\u00e8ge social est situ\u00e9 <\/p>\n\n\n\n<p>4 rue de la Vieille Intendance<br>34000 Montpellier <br>France.<\/p>\n\n\n\n<p>Immatricul\u00e9e au tribunal de commerce de Montpellier sous le num\u00e9ro : 531&nbsp;072&nbsp;098 &#8211; TVA Intra : FR36531072098<\/p>\n\n\n\n<p>T\u00e9l\u00e9phone : (+33)(0)6.13.24.70.45<\/p>\n\n\n\n<p><\/p>\n\n\n\n<p>Ce site est h\u00e9berg\u00e9 sur un serveur d\u00e9di\u00e9 localis\u00e9 dans un datacenter en France de :<\/p>\n\n\n\n<p>OVH S.A.S<br> 2 rue Kellermann<br>59100 Roubaix&nbsp;<br>France<br>T\u00e9l\u00e9phone : 0899 701 761<\/p>\n","protected":false},"excerpt":{"rendered":"<p>Activit\u00e9 Digital Marketing L&rsquo;activit\u00e9 du Digital Marketing est passionnante. Notre vision est que cela permet de bien mettre en avant des soci\u00e9t\u00e9s qui innovent et proposent des projets auxquels nous m\u00eames nous croyons. Quand nous accompagnons une soci\u00e9t\u00e9 pour son Digital Marketing nous sommes \u00e0 100% avec elle pour qu&rsquo;elle obtienne les r\u00e9sultats qu&rsquo;elle attend. [&hellip;]<\/p>\n","protected":false},"author":1,"featured_media":0,"parent":0,"menu_order":0,"comment_status":"closed","ping_status":"closed","template":"","meta":{"footnotes":""},"class_list":["post-6","page","type-page","status-publish","hentry"],"_links":{"self":[{"href":"https:\/\/mpproduction.fr\/index.php\/wp-json\/wp\/v2\/pages\/6","targetHints":{"allow":["GET"]}}],"collection":[{"href":"https:\/\/mpproduction.fr\/index.php\/wp-json\/wp\/v2\/pages"}],"about":[{"href":"https:\/\/mpproduction.fr\/index.php\/wp-json\/wp\/v2\/types\/page"}],"author":[{"embeddable":true,"href":"https:\/\/mpproduction.fr\/index.php\/wp-json\/wp\/v2\/users\/1"}],"replies":[{"embeddable":true,"href":"https:\/\/mpproduction.fr\/index.php\/wp-json\/wp\/v2\/comments?post=6"}],"version-history":[{"count":13,"href":"https:\/\/mpproduction.fr\/index.php\/wp-json\/wp\/v2\/pages\/6\/revisions"}],"predecessor-version":[{"id":50,"href":"https:\/\/mpproduction.fr\/index.php\/wp-json\/wp\/v2\/pages\/6\/revisions\/50"}],"wp:attachment":[{"href":"https:\/\/mpproduction.fr\/index.php\/wp-json\/wp\/v2\/media?parent=6"}],"curies":[{"name":"wp","href":"https:\/\/api.w.org\/{rel}","templated":true}]}}